{"id":1466,"date":"2024-06-21T13:58:56","date_gmt":"2024-06-21T13:58:56","guid":{"rendered":"https:\/\/labodega-esposende.com\/?page_id=1466"},"modified":"2025-04-01T09:47:18","modified_gmt":"2025-04-01T09:47:18","slug":"vinho-do-porto-em-esposende","status":"publish","type":"page","link":"https:\/\/labodega-esposende.com\/en\/vinho-do-porto-em-esposende\/","title":{"rendered":"Vinho Porto"},"content":{"rendered":"<div data-colibri-id=\"1466-c1\" class=\"style-1212 style-local-1466-c1 position-relative\">\r\n  <!---->\r\n  <div data-colibri-component=\"section\" data-colibri-id=\"1466-c2\" id=\"reusable-sections\" class=\"h-section h-section-global-spacing d-flex align-items-lg-center align-items-md-center align-items-center style-1213 style-local-1466-c2 position-relative\">\r\n    <!---->\r\n    <!---->\r\n    <div class=\"h-section-grid-container h-section-boxed-container\">\r\n      <!---->\r\n      <div data-colibri-id=\"1466-c3\" class=\"h-row-container gutters-row-lg-2 gutters-row-md-2 gutters-row-0 gutters-row-v-lg-2 gutters-row-v-md-2 gutters-row-v-2 style-1214 style-local-1466-c3 position-relative\">\r\n        <!---->\r\n        <div class=\"h-row justify-content-lg-center justify-content-md-center justify-content-center align-items-lg-stretch align-items-md-stretch align-items-stretch gutters-col-lg-2 gutters-col-md-2 gutters-col-0 gutters-col-v-lg-2 gutters-col-v-md-2 gutters-col-v-2\">\r\n          <!---->\r\n          <div class=\"h-column h-column-container d-flex h-col-lg-3 h-col-md-3 h-col-12 style-1215-outer style-local-1466-c4-outer\">\r\n            <div data-colibri-id=\"1466-c4\" class=\"d-flex h-flex-basis h-column__inner h-px-lg-2 h-px-md-2 h-px-2 v-inner-lg-2 v-inner-md-2 v-inner-2 style-1215 style-local-1466-c4 position-relative\">\r\n              <!---->\r\n              <!---->\r\n              <div class=\"w-100 h-y-container h-column__content h-column__v-align flex-basis-100 align-self-lg-start align-self-md-start align-self-center\">\r\n                <!---->\r\n                <div data-colibri-id=\"1466-c5\" class=\"d-block style-1216 style-local-1466-c5 position-relative h-element\">\r\n                  <!---->\r\n                  <div class=\"h-image__frame-container-outer\">\r\n                    <div class=\"h-image__frame-container\">\r\n                      <!---->\r\n                      <!---->\r\n                      <img loading=\"lazy\" decoding=\"async\" width=\"1194\" height=\"896\" src=\"http:\/\/labodega-esposende.com\/wp-content\/uploads\/2024\/06\/pocas-tawny.jpg\" class=\"wp-image-1996 style-1216-image style-local-1466-c5-image\" alt=\"Vinho porto pocas\" srcset=\"https:\/\/labodega-esposende.com\/wp-content\/uploads\/2024\/06\/pocas-tawny.jpg 1194w, https:\/\/labodega-esposende.com\/wp-content\/uploads\/2024\/06\/pocas-tawny-300x225.jpg 300w, https:\/\/labodega-esposende.com\/wp-content\/uploads\/2024\/06\/pocas-tawny-1024x768.jpg 1024w, https:\/\/labodega-esposende.com\/wp-content\/uploads\/2024\/06\/pocas-tawny-768x576.jpg 768w, https:\/\/labodega-esposende.com\/wp-content\/uploads\/2024\/06\/pocas-tawny-16x12.jpg 16w\" sizes=\"auto, (max-width: 1194px) 100vw, 1194px\" \/>\r\n                      <div class=\"h-image__frame h-hide-lg h-hide-md h-hide-sm style-1216-frameImage style-local-1466-c5-frameImage\"><\/div>\r\n                    <\/div>\r\n                  <\/div>\r\n                <\/div>\r\n                <div data-colibri-id=\"1466-c6\" class=\"h-global-transition-all h-heading style-1217 style-local-1466-c6 position-relative h-element\">\r\n                  <!---->\r\n                  <div class=\"h-heading__outer style-1217 style-local-1466-c6\">\r\n                    <!---->\r\n                    <!---->\r\n                    <h3 class=\"\">Po\u00e7as Tawny<\/h3>\r\n                  <\/div>\r\n                <\/div>\r\n                <div data-colibri-id=\"1466-c7\" class=\"h-text h-text-component style-1222 style-local-1466-c7 position-relative h-element\">\r\n                  <!---->\r\n                  <!---->\r\n                  <div class=\"\">\r\n                    <p>COPO\r\n                      <br>3.00 \u20ac\r\n                      <br>\r\n                    <\/p>\r\n                  <\/div>\r\n                <\/div>\r\n              <\/div>\r\n            <\/div>\r\n          <\/div>\r\n          <div class=\"h-column h-column-container d-flex h-col-lg-3 h-col-md-3 h-col-12 style-1215-outer style-local-1466-c8-outer\">\r\n            <div data-colibri-id=\"1466-c8\" class=\"d-flex h-flex-basis h-column__inner h-px-lg-2 h-px-md-2 h-px-2 v-inner-lg-2 v-inner-md-2 v-inner-2 style-1215 style-local-1466-c8 position-relative\">\r\n              <!---->\r\n              <!---->\r\n              <div class=\"w-100 h-y-container h-column__content h-column__v-align flex-basis-100 align-self-lg-start align-self-md-start align-self-center\">\r\n                <!---->\r\n                <div data-colibri-id=\"1466-c9\" class=\"d-block style-1216 style-local-1466-c9 position-relative h-element\">\r\n                  <!---->\r\n                  <div class=\"h-image__frame-container-outer\">\r\n                    <div class=\"h-image__frame-container\">\r\n                      <!---->\r\n                      <!---->\r\n                      <img loading=\"lazy\" decoding=\"async\" width=\"885\" height=\"664\" src=\"http:\/\/labodega-esposende.com\/wp-content\/uploads\/2024\/06\/calem-10-anos.jpg\" class=\"wp-image-1995 style-1216-image style-local-1466-c9-image\" alt=\"Vinho porto calem\" srcset=\"https:\/\/labodega-esposende.com\/wp-content\/uploads\/2024\/06\/calem-10-anos.jpg 885w, https:\/\/labodega-esposende.com\/wp-content\/uploads\/2024\/06\/calem-10-anos-300x225.jpg 300w, https:\/\/labodega-esposende.com\/wp-content\/uploads\/2024\/06\/calem-10-anos-768x576.jpg 768w, https:\/\/labodega-esposende.com\/wp-content\/uploads\/2024\/06\/calem-10-anos-16x12.jpg 16w\" sizes=\"auto, (max-width: 885px) 100vw, 885px\" \/>\r\n                      <div class=\"h-image__frame h-hide-lg h-hide-md h-hide-sm style-1216-frameImage style-local-1466-c9-frameImage\"><\/div>\r\n                    <\/div>\r\n                  <\/div>\r\n                <\/div>\r\n                <div data-colibri-id=\"1466-c10\" class=\"h-global-transition-all h-heading style-1217 style-local-1466-c10 position-relative h-element\">\r\n                  <!---->\r\n                  <div class=\"h-heading__outer style-1217 style-local-1466-c10\">\r\n                    <!---->\r\n                    <!---->\r\n                    <h3 class=\"\">Calem 10 anos<\/h3>\r\n                  <\/div>\r\n                <\/div>\r\n                <div data-colibri-id=\"1466-c11\" class=\"h-text h-text-component style-1222 style-local-1466-c11 position-relative h-element\">\r\n                  <!---->\r\n                  <!---->\r\n                  <div class=\"\">\r\n                    <p>COPO\r\n                      <br>5.00 \u20ac\r\n                      <br>\r\n                    <\/p>\r\n                  <\/div>\r\n                <\/div>\r\n              <\/div>\r\n            <\/div>\r\n          <\/div>\r\n          <div class=\"h-column h-column-container d-flex h-col-lg-3 h-col-md-3 h-col-12 style-1215-outer style-local-1466-c12-outer\">\r\n            <div data-colibri-id=\"1466-c12\" class=\"d-flex h-flex-basis h-column__inner h-px-lg-2 h-px-md-2 h-px-2 v-inner-lg-2 v-inner-md-2 v-inner-2 style-1215 style-local-1466-c12 position-relative\">\r\n              <!---->\r\n              <!---->\r\n              <div class=\"w-100 h-y-container h-column__content h-column__v-align flex-basis-100 align-self-lg-start align-self-md-start align-self-center\">\r\n                <!---->\r\n                <div data-colibri-id=\"1466-c13\" class=\"d-block style-1216 style-local-1466-c13 position-relative h-element\">\r\n                  <!---->\r\n                  <div class=\"h-image__frame-container-outer\">\r\n                    <div class=\"h-image__frame-container\">\r\n                      <!---->\r\n                      <!---->\r\n                      <img loading=\"lazy\" decoding=\"async\" width=\"876\" height=\"657\" src=\"http:\/\/labodega-esposende.com\/wp-content\/uploads\/2024\/06\/sandeman-10-anos.jpg\" class=\"wp-image-1997 style-1216-image style-local-1466-c13-image\" alt=\"Vinho porto sandeman\" srcset=\"https:\/\/labodega-esposende.com\/wp-content\/uploads\/2024\/06\/sandeman-10-anos.jpg 876w, https:\/\/labodega-esposende.com\/wp-content\/uploads\/2024\/06\/sandeman-10-anos-300x225.jpg 300w, https:\/\/labodega-esposende.com\/wp-content\/uploads\/2024\/06\/sandeman-10-anos-768x576.jpg 768w, https:\/\/labodega-esposende.com\/wp-content\/uploads\/2024\/06\/sandeman-10-anos-16x12.jpg 16w\" sizes=\"auto, (max-width: 876px) 100vw, 876px\" \/>\r\n                      <div class=\"h-image__frame h-hide-lg h-hide-md h-hide-sm style-1216-frameImage style-local-1466-c13-frameImage\"><\/div>\r\n                    <\/div>\r\n                  <\/div>\r\n                <\/div>\r\n                <div data-colibri-id=\"1466-c14\" class=\"h-global-transition-all h-heading style-1217 style-local-1466-c14 position-relative h-element\">\r\n                  <!---->\r\n                  <div class=\"h-heading__outer style-1217 style-local-1466-c14\">\r\n                    <!---->\r\n                    <!---->\r\n                    <h3 class=\"\">Sandeman 10 anos<\/h3>\r\n                  <\/div>\r\n                <\/div>\r\n                <div data-colibri-id=\"1466-c15\" class=\"h-text h-text-component style-1222 style-local-1466-c15 position-relative h-element\">\r\n                  <!---->\r\n                  <!---->\r\n                  <div class=\"\">\r\n                    <p>COPO\r\n                      <br>5.00 \u20ac\r\n                      <br>\r\n                    <\/p>\r\n                  <\/div>\r\n                <\/div>\r\n              <\/div>\r\n            <\/div>\r\n          <\/div>\r\n        <\/div>\r\n      <\/div>\r\n      <div data-colibri-id=\"1466-c16\" class=\"h-row-container gutters-row-lg-2 gutters-row-md-2 gutters-row-0 gutters-row-v-lg-2 gutters-row-v-md-2 gutters-row-v-2 style-1218 style-local-1466-c16 position-relative\">\r\n        <!---->\r\n        <div class=\"h-row justify-content-lg-center justify-content-md-center justify-content-center align-items-lg-stretch align-items-md-stretch align-items-stretch gutters-col-lg-2 gutters-col-md-2 gutters-col-0 gutters-col-v-lg-2 gutters-col-v-md-2 gutters-col-v-2\">\r\n          <!---->\r\n          <div class=\"h-column h-column-container d-flex h-col-lg-auto h-col-md-auto h-col-auto style-1219-outer style-local-1466-c17-outer\">\r\n            <div data-colibri-id=\"1466-c17\" class=\"d-flex h-flex-basis h-column__inner h-px-lg-2 h-px-md-2 h-px-2 v-inner-lg-2 v-inner-md-2 v-inner-2 style-1219 style-local-1466-c17 position-relative\">\r\n              <!---->\r\n              <!---->\r\n              <div class=\"w-100 h-y-container h-column__content h-column__v-align flex-basis-100 align-self-lg-start align-self-md-start align-self-start\">\r\n                <!---->\r\n                <div data-colibri-id=\"1466-c18\" class=\"h-x-container style-1220 style-local-1466-c18 position-relative h-element\">\r\n                  <!---->\r\n                  <div class=\"h-x-container-inner style-dynamic-1466-c18-group style-1220-spacing style-local-1466-c18-spacing\"><span class=\"h-button__outer style-1221-outer style-local-1466-c19-outer d-inline-flex h-element\"><a h-use-smooth-scroll=\"true\" href=\"https:\/\/labodega-esposende.com\/en\/#Menu\"  data-colibri-id=\"1466-c19\" class=\"d-flex w-100 align-items-center h-button justify-content-lg-center justify-content-md-center justify-content-center style-1221 style-local-1466-c19 position-relative\"><!----><!----> <span>voltar ao menu principal<\/span><\/a>\r\n                    <\/span>\r\n                  <\/div>\r\n                <\/div>\r\n              <\/div>\r\n            <\/div>\r\n          <\/div>\r\n        <\/div>\r\n      <\/div>\r\n    <\/div>\r\n  <\/div>\r\n<\/div>","protected":false},"excerpt":{"rendered":"<p>Po\u00e7as Tawny COPO 3.00 \u20ac Calem 10 anos COPO 5.00 \u20ac Sandeman 10 anos COPO 5.00 \u20ac voltar ao menu principal<\/p>","protected":false},"author":1,"featured_media":1413,"parent":0,"menu_order":0,"comment_status":"closed","ping_status":"closed","template":"page-templates\/full-width-page.php","meta":{"om_disable_all_campaigns":false,"_joinchat":[],"footnotes":""},"class_list":["post-1466","page","type-page","status-publish","has-post-thumbnail","hentry"],"yoast_head":"<!-- This site is optimized with the Yoast SEO plugin v25.0 - https:\/\/yoast.com\/wordpress\/plugins\/seo\/ -->\n<title>Vinho do Porto em Esposende | La Bodega - Bar &amp; Tapas<\/title>\n<meta name=\"description\" content=\"Desfrute de uma sele\u00e7\u00e3o premium de Vinho do Porto em Esposende, no bar La Bodega. Experimente as melhores refer\u00eancias a copo!\" \/>\n<meta name=\"robots\" content=\"index, follow, max-snippet:-1, max-image-preview:large, max-video-preview:-1\" \/>\n<link rel=\"canonical\" href=\"https:\/\/labodega-esposende.com\/en\/vinho-do-porto-em-esposende\/\" \/>\n<meta property=\"og:locale\" content=\"en_GB\" \/>\n<meta property=\"og:type\" content=\"article\" \/>\n<meta property=\"og:title\" content=\"Vinho do Porto em Esposende | La Bodega - Bar &amp; Tapas\" \/>\n<meta property=\"og:description\" content=\"Desfrute de uma sele\u00e7\u00e3o premium de Vinho do Porto em Esposende, no bar La Bodega. Experimente as melhores refer\u00eancias a copo!\" \/>\n<meta property=\"og:url\" content=\"https:\/\/labodega-esposende.com\/en\/vinho-do-porto-em-esposende\/\" \/>\n<meta property=\"og:site_name\" content=\"La Bodega\" \/>\n<meta property=\"article:modified_time\" content=\"2025-04-01T09:47:18+00:00\" \/>\n<meta property=\"og:image\" content=\"http:\/\/labodega-esposende.com\/wp-content\/uploads\/2024\/06\/porto-2.jpg\" \/>\n\t<meta property=\"og:image:width\" content=\"2432\" \/>\n\t<meta property=\"og:image:height\" content=\"1824\" \/>\n\t<meta property=\"og:image:type\" content=\"image\/jpeg\" \/>\n<meta name=\"twitter:card\" content=\"summary_large_image\" \/>\n<meta name=\"twitter:label1\" content=\"Estimated reading time\" \/>\n\t<meta name=\"twitter:data1\" content=\"1 minute\" \/>\n<script type=\"application\/ld+json\" class=\"yoast-schema-graph\">{\"@context\":\"https:\/\/schema.org\",\"@graph\":[{\"@type\":\"WebPage\",\"@id\":\"https:\/\/labodega-esposende.com\/vinho-do-porto-em-esposende\/\",\"url\":\"https:\/\/labodega-esposende.com\/vinho-do-porto-em-esposende\/\",\"name\":\"Vinho do Porto em Esposende | La Bodega - Bar & Tapas\",\"isPartOf\":{\"@id\":\"https:\/\/labodega-esposende.com\/en\/#website\"},\"primaryImageOfPage\":{\"@id\":\"https:\/\/labodega-esposende.com\/vinho-do-porto-em-esposende\/#primaryimage\"},\"image\":{\"@id\":\"https:\/\/labodega-esposende.com\/vinho-do-porto-em-esposende\/#primaryimage\"},\"thumbnailUrl\":\"https:\/\/labodega-esposende.com\/wp-content\/uploads\/2024\/06\/porto-2.jpg\",\"datePublished\":\"2024-06-21T13:58:56+00:00\",\"dateModified\":\"2025-04-01T09:47:18+00:00\",\"description\":\"Desfrute de uma sele\u00e7\u00e3o premium de Vinho do Porto em Esposende, no bar La Bodega. Experimente as melhores refer\u00eancias a copo!\",\"breadcrumb\":{\"@id\":\"https:\/\/labodega-esposende.com\/vinho-do-porto-em-esposende\/#breadcrumb\"},\"inLanguage\":\"en-GB\",\"potentialAction\":[{\"@type\":\"ReadAction\",\"target\":[\"https:\/\/labodega-esposende.com\/vinho-do-porto-em-esposende\/\"]}]},{\"@type\":\"ImageObject\",\"inLanguage\":\"en-GB\",\"@id\":\"https:\/\/labodega-esposende.com\/vinho-do-porto-em-esposende\/#primaryimage\",\"url\":\"https:\/\/labodega-esposende.com\/wp-content\/uploads\/2024\/06\/porto-2.jpg\",\"contentUrl\":\"https:\/\/labodega-esposende.com\/wp-content\/uploads\/2024\/06\/porto-2.jpg\",\"width\":2432,\"height\":1824,\"caption\":\"Vinho do Porto em Esposende | La Bodega - Bar & Tapas\"},{\"@type\":\"BreadcrumbList\",\"@id\":\"https:\/\/labodega-esposende.com\/vinho-do-porto-em-esposende\/#breadcrumb\",\"itemListElement\":[{\"@type\":\"ListItem\",\"position\":1,\"name\":\"In\u00edcio\",\"item\":\"https:\/\/labodega-esposende.com\/\"},{\"@type\":\"ListItem\",\"position\":2,\"name\":\"Vinho Porto\"}]},{\"@type\":\"WebSite\",\"@id\":\"https:\/\/labodega-esposende.com\/en\/#website\",\"url\":\"https:\/\/labodega-esposende.com\/en\/\",\"name\":\"La Bodega\",\"description\":\"Bar de Vinhos e Tapas\",\"publisher\":{\"@id\":\"https:\/\/labodega-esposende.com\/en\/#organization\"},\"potentialAction\":[{\"@type\":\"SearchAction\",\"target\":{\"@type\":\"EntryPoint\",\"urlTemplate\":\"https:\/\/labodega-esposende.com\/en\/?s={search_term_string}\"},\"query-input\":{\"@type\":\"PropertyValueSpecification\",\"valueRequired\":true,\"valueName\":\"search_term_string\"}}],\"inLanguage\":\"en-GB\"},{\"@type\":\"Organization\",\"@id\":\"https:\/\/labodega-esposende.com\/en\/#organization\",\"name\":\"La Bodega\",\"url\":\"https:\/\/labodega-esposende.com\/en\/\",\"logo\":{\"@type\":\"ImageObject\",\"inLanguage\":\"en-GB\",\"@id\":\"https:\/\/labodega-esposende.com\/en\/#\/schema\/logo\/image\/\",\"url\":\"https:\/\/labodega-esposende.com\/wp-content\/uploads\/2024\/06\/Logo-Bodega_transp.png\",\"contentUrl\":\"https:\/\/labodega-esposende.com\/wp-content\/uploads\/2024\/06\/Logo-Bodega_transp.png\",\"width\":1000,\"height\":1000,\"caption\":\"La Bodega\"},\"image\":{\"@id\":\"https:\/\/labodega-esposende.com\/en\/#\/schema\/logo\/image\/\"},\"sameAs\":[\"https:\/\/www.instagram.com\/la_bodega_esposende\/\"]}]}<\/script>\n<!-- \/ Yoast SEO plugin. -->","yoast_head_json":{"title":"Vinho do Porto em Esposende | La Bodega - Bar & Tapas","description":"Desfrute de uma sele\u00e7\u00e3o premium de Vinho do Porto em Esposende, no bar La Bodega. Experimente as melhores refer\u00eancias a copo!","robots":{"index":"index","follow":"follow","max-snippet":"max-snippet:-1","max-image-preview":"max-image-preview:large","max-video-preview":"max-video-preview:-1"},"canonical":"https:\/\/labodega-esposende.com\/en\/vinho-do-porto-em-esposende\/","og_locale":"en_GB","og_type":"article","og_title":"Vinho do Porto em Esposende | La Bodega - Bar & Tapas","og_description":"Desfrute de uma sele\u00e7\u00e3o premium de Vinho do Porto em Esposende, no bar La Bodega. Experimente as melhores refer\u00eancias a copo!","og_url":"https:\/\/labodega-esposende.com\/en\/vinho-do-porto-em-esposende\/","og_site_name":"La Bodega","article_modified_time":"2025-04-01T09:47:18+00:00","og_image":[{"width":2432,"height":1824,"url":"http:\/\/labodega-esposende.com\/wp-content\/uploads\/2024\/06\/porto-2.jpg","type":"image\/jpeg"}],"twitter_card":"summary_large_image","twitter_misc":{"Estimated reading time":"1 minute"},"schema":{"@context":"https:\/\/schema.org","@graph":[{"@type":"WebPage","@id":"https:\/\/labodega-esposende.com\/vinho-do-porto-em-esposende\/","url":"https:\/\/labodega-esposende.com\/vinho-do-porto-em-esposende\/","name":"Vinho do Porto em Esposende | La Bodega - Bar & Tapas","isPartOf":{"@id":"https:\/\/labodega-esposende.com\/en\/#website"},"primaryImageOfPage":{"@id":"https:\/\/labodega-esposende.com\/vinho-do-porto-em-esposende\/#primaryimage"},"image":{"@id":"https:\/\/labodega-esposende.com\/vinho-do-porto-em-esposende\/#primaryimage"},"thumbnailUrl":"https:\/\/labodega-esposende.com\/wp-content\/uploads\/2024\/06\/porto-2.jpg","datePublished":"2024-06-21T13:58:56+00:00","dateModified":"2025-04-01T09:47:18+00:00","description":"Desfrute de uma sele\u00e7\u00e3o premium de Vinho do Porto em Esposende, no bar La Bodega. Experimente as melhores refer\u00eancias a copo!","breadcrumb":{"@id":"https:\/\/labodega-esposende.com\/vinho-do-porto-em-esposende\/#breadcrumb"},"inLanguage":"en-GB","potentialAction":[{"@type":"ReadAction","target":["https:\/\/labodega-esposende.com\/vinho-do-porto-em-esposende\/"]}]},{"@type":"ImageObject","inLanguage":"en-GB","@id":"https:\/\/labodega-esposende.com\/vinho-do-porto-em-esposende\/#primaryimage","url":"https:\/\/labodega-esposende.com\/wp-content\/uploads\/2024\/06\/porto-2.jpg","contentUrl":"https:\/\/labodega-esposende.com\/wp-content\/uploads\/2024\/06\/porto-2.jpg","width":2432,"height":1824,"caption":"Vinho do Porto em Esposende | La Bodega - Bar & Tapas"},{"@type":"BreadcrumbList","@id":"https:\/\/labodega-esposende.com\/vinho-do-porto-em-esposende\/#breadcrumb","itemListElement":[{"@type":"ListItem","position":1,"name":"In\u00edcio","item":"https:\/\/labodega-esposende.com\/"},{"@type":"ListItem","position":2,"name":"Vinho Porto"}]},{"@type":"WebSite","@id":"https:\/\/labodega-esposende.com\/en\/#website","url":"https:\/\/labodega-esposende.com\/en\/","name":"La Bodega","description":"Wine and Tapas Bar","publisher":{"@id":"https:\/\/labodega-esposende.com\/en\/#organization"},"potentialAction":[{"@type":"SearchAction","target":{"@type":"EntryPoint","urlTemplate":"https:\/\/labodega-esposende.com\/en\/?s={search_term_string}"},"query-input":{"@type":"PropertyValueSpecification","valueRequired":true,"valueName":"search_term_string"}}],"inLanguage":"en-GB"},{"@type":"Organization","@id":"https:\/\/labodega-esposende.com\/en\/#organization","name":"La Bodega","url":"https:\/\/labodega-esposende.com\/en\/","logo":{"@type":"ImageObject","inLanguage":"en-GB","@id":"https:\/\/labodega-esposende.com\/en\/#\/schema\/logo\/image\/","url":"https:\/\/labodega-esposende.com\/wp-content\/uploads\/2024\/06\/Logo-Bodega_transp.png","contentUrl":"https:\/\/labodega-esposende.com\/wp-content\/uploads\/2024\/06\/Logo-Bodega_transp.png","width":1000,"height":1000,"caption":"La Bodega"},"image":{"@id":"https:\/\/labodega-esposende.com\/en\/#\/schema\/logo\/image\/"},"sameAs":["https:\/\/www.instagram.com\/la_bodega_esposende\/"]}]}},"_links":{"self":[{"href":"https:\/\/labodega-esposende.com\/en\/wp-json\/wp\/v2\/pages\/1466","targetHints":{"allow":["GET"]}}],"collection":[{"href":"https:\/\/labodega-esposende.com\/en\/wp-json\/wp\/v2\/pages"}],"about":[{"href":"https:\/\/labodega-esposende.com\/en\/wp-json\/wp\/v2\/types\/page"}],"author":[{"embeddable":true,"href":"https:\/\/labodega-esposende.com\/en\/wp-json\/wp\/v2\/users\/1"}],"replies":[{"embeddable":true,"href":"https:\/\/labodega-esposende.com\/en\/wp-json\/wp\/v2\/comments?post=1466"}],"version-history":[{"count":5,"href":"https:\/\/labodega-esposende.com\/en\/wp-json\/wp\/v2\/pages\/1466\/revisions"}],"predecessor-version":[{"id":2295,"href":"https:\/\/labodega-esposende.com\/en\/wp-json\/wp\/v2\/pages\/1466\/revisions\/2295"}],"wp:featuredmedia":[{"embeddable":true,"href":"https:\/\/labodega-esposende.com\/en\/wp-json\/wp\/v2\/media\/1413"}],"wp:attachment":[{"href":"https:\/\/labodega-esposende.com\/en\/wp-json\/wp\/v2\/media?parent=1466"}],"curies":[{"name":"wp","href":"https:\/\/api.w.org\/{rel}","templated":true}]}}