{"id":2234,"date":"2024-06-24T07:22:51","date_gmt":"2024-06-24T07:22:51","guid":{"rendered":"https:\/\/labodega-esposende.com\/?page_id=2234"},"modified":"2025-04-01T09:51:01","modified_gmt":"2025-04-01T09:51:01","slug":"eventos-em-esposende","status":"publish","type":"page","link":"https:\/\/labodega-esposende.com\/en\/eventos-em-esposende\/","title":{"rendered":"Eventos"},"content":{"rendered":"<div data-colibri-id=\"2234-c1\" class=\"style-1323 style-local-2234-c1 position-relative\">\n  <!---->\n  <div data-colibri-component=\"section\" data-colibri-id=\"2234-c2\" id=\"features\" class=\"h-section h-section-global-spacing d-flex align-items-lg-center align-items-md-center align-items-center style-1338 style-local-2234-c2 position-relative\">\n    <!---->\n    <!---->\n    <div class=\"h-section-grid-container h-section-boxed-container\">\n      <div data-colibri-id=\"2234-c19\" class=\"h-row-container gutters-row-lg-2 gutters-row-md-2 gutters-row-0 gutters-row-v-lg-2 gutters-row-v-md-2 gutters-row-v-2 style-1363 style-local-2234-c19 position-relative\">\n        <!---->\n        <div class=\"h-row justify-content-lg-center justify-content-md-center justify-content-center align-items-lg-stretch align-items-md-stretch align-items-stretch gutters-col-lg-2 gutters-col-md-2 gutters-col-0 gutters-col-v-lg-2 gutters-col-v-md-2 gutters-col-v-2\">\n          <!---->\n          <div class=\"h-column h-column-container d-flex h-col-lg-auto h-col-md-auto h-col-auto style-1364-outer style-local-2234-c20-outer\">\n            <div data-colibri-id=\"2234-c20\" class=\"d-flex h-flex-basis h-column__inner h-px-lg-2 h-px-md-2 h-px-2 v-inner-lg-2 v-inner-md-2 v-inner-2 style-1364 style-local-2234-c20 position-relative\">\n              <!---->\n              <!---->\n              <div class=\"w-100 h-y-container h-column__content h-column__v-align flex-basis-100 align-self-lg-start align-self-md-start align-self-start\">\n                <!---->\n                <div data-colibri-id=\"2234-c21\" class=\"h-global-transition-all h-heading style-1365 style-local-2234-c21 position-relative h-element\">\n                  <!---->\n                  <div class=\"h-heading__outer style-1365 style-local-2234-c21\">\n                    <!---->\n                    <!---->\n                    <h2 class=\"\">Disfrute de momentos conviviais<\/h2>\n                  <\/div>\n                <\/div>\n                <div data-colibri-id=\"2234-c22\" class=\"h-lead h-text h-text-component style-1366 style-local-2234-c22 position-relative h-element\">\n                  <!---->\n                  <!---->\n                  <div class=\"\">\n                    <p>La Bodega organiza regularmente eventos musicais com artistas que n\u00e3o deixar\u00e3o de o divertir!<\/p>\n                  <\/div>\n                <\/div>\n              <\/div>\n            <\/div>\n          <\/div>\n        <\/div>\n      <\/div>\n      <div data-colibri-id=\"2234-c3\" class=\"h-row-container gutters-row-lg-0 gutters-row-md-0 gutters-row-0 gutters-row-v-lg-0 gutters-row-v-md-0 gutters-row-v-0 style-1339 style-local-2234-c3 position-relative\">\n        <!---->\n        <div class=\"h-row justify-content-lg-center justify-content-md-center justify-content-center align-items-lg-stretch align-items-md-stretch align-items-stretch gutters-col-lg-0 gutters-col-md-0 gutters-col-0 gutters-col-v-lg-0 gutters-col-v-md-0 gutters-col-v-0\">\n          <!---->\n          <div class=\"h-column h-column-container d-flex h-col-lg-auto h-col-md-auto h-col-auto style-1340-outer style-local-2234-c4-outer\">\n            <div data-colibri-id=\"2234-c4\" class=\"d-flex h-flex-basis h-column__inner h-ui-empty-state-container h-px-lg-0 h-px-md-0 h-px-0 v-inner-lg-0 v-inner-md-0 v-inner-0 style-1340 style-local-2234-c4 position-relative\">\n              <!---->\n              <!---->\n              <div class=\"w-100 h-y-container h-column__content h-column__v-align flex-basis-100\">\n                <!---->\n              <\/div>\n            <\/div>\n          <\/div>\n          <div class=\"h-column h-column-container d-flex h-col-lg h-col-md h-col-auto style-1341-outer style-local-2234-c5-outer\">\n            <div data-colibri-id=\"2234-c5\" class=\"d-flex h-flex-basis h-column__inner h-px-lg-3 h-px-md-3 h-px-3 v-inner-lg-3 v-inner-md-3 v-inner-3 style-1341 style-local-2234-c5 position-relative\">\n              <!---->\n              <!---->\n              <div class=\"w-100 h-y-container h-column__content h-column__v-align flex-basis-100 align-self-lg-center align-self-md-center align-self-center\">\n                <!---->\n                <div data-colibri-id=\"2234-c6\" class=\"h-global-transition-all h-heading style-1342 style-local-2234-c6 position-relative h-element\">\n                  <!---->\n                  <div class=\"h-heading__outer style-1342 style-local-2234-c6\">\n                    <!---->\n                    <!---->\n                    <h3 class=\"\">Noite Fado<\/h3>\n                  <\/div>\n                <\/div>\n                <div data-colibri-id=\"2234-c7\" class=\"h-text h-text-component style-1343 style-local-2234-c7 position-relative h-element\">\n                  <!---->\n                  <!---->\n                  <div class=\"\">\n                    <p>Todas as sextas-feiras, de quinze em quinze dias, \u00e0s 20h30, \u201cArte no Fado\u201d convida-o a descobrir ou redescobrir o Fado em \u201cLa Bodega\u201d de Esposende. Reserve j\u00e1 o seu lugar! Estamos ansiosos por partilhar um pouco de &#8220;Saudade&#8221; consigo.<\/p>\n                  <\/div>\n                <\/div>\n              <\/div>\n            <\/div>\n          <\/div>\n          <div class=\"h-column h-column-container d-flex h-col-lg-auto h-col-md-auto h-col-auto style-1344-outer style-local-2234-c8-outer\">\n            <div data-colibri-id=\"2234-c8\" class=\"d-flex h-flex-basis h-column__inner h-px-lg-2 h-px-md-2 h-px-0 v-inner-lg-0 v-inner-md-0 v-inner-3 style-1344 style-local-2234-c8 position-relative\">\n              <!---->\n              <!---->\n              <div class=\"w-100 h-y-container h-column__content h-column__v-align flex-basis-auto align-self-lg-center align-self-md-center align-self-center\">\n                <!---->\n                <div data-colibri-id=\"2234-c9\" class=\"h-x-container style-1345 style-local-2234-c9 position-relative h-element\">\n                  <!---->\n                  <div class=\"h-x-container-inner style-dynamic-2234-c9-group style-1345-spacing style-local-2234-c9-spacing\"><span class=\"h-button__outer style-1346-outer style-local-2234-c10-outer d-inline-flex h-element\"><a h-use-smooth-scroll=\"true\" href=\"https:\/\/labodega-esposende.com\/en\/eventos-em-esposende\/fado-esposende\/\"  data-colibri-id=\"2234-c10\" class=\"d-flex w-100 align-items-center h-button justify-content-lg-center justify-content-md-center justify-content-center style-1346 style-local-2234-c10 position-relative\"><!----><!----> <span>pr\u00f3ximas datas<\/span><\/a>\n                    <\/span>\n                  <\/div>\n                <\/div>\n              <\/div>\n            <\/div>\n          <\/div>\n        <\/div>\n      <\/div>\n      <div data-colibri-id=\"2234-c11\" class=\"h-row-container gutters-row-lg-0 gutters-row-md-0 gutters-row-0 gutters-row-v-lg-0 gutters-row-v-md-0 gutters-row-v-0 style-1339 style-local-2234-c11 position-relative\">\n        <!---->\n        <div class=\"h-row justify-content-lg-center justify-content-md-center justify-content-center align-items-lg-stretch align-items-md-stretch align-items-stretch gutters-col-lg-0 gutters-col-md-0 gutters-col-0 gutters-col-v-lg-0 gutters-col-v-md-0 gutters-col-v-0\">\n          <!---->\n          <div class=\"h-column h-column-container d-flex h-col-lg-auto h-col-md-auto h-col-auto style-1378-outer style-local-2234-c12-outer\">\n            <div data-colibri-id=\"2234-c12\" class=\"d-flex h-flex-basis h-column__inner h-ui-empty-state-container h-px-lg-0 h-px-md-0 h-px-0 v-inner-lg-0 v-inner-md-0 v-inner-0 style-1378 style-local-2234-c12 position-relative\">\n              <!---->\n              <!---->\n              <div class=\"w-100 h-y-container h-column__content h-column__v-align flex-basis-100\">\n                <!---->\n              <\/div>\n            <\/div>\n          <\/div>\n          <div class=\"h-column h-column-container d-flex h-col-lg h-col-md h-col-auto style-1341-outer style-local-2234-c13-outer\">\n            <div data-colibri-id=\"2234-c13\" class=\"d-flex h-flex-basis h-column__inner h-px-lg-3 h-px-md-3 h-px-3 v-inner-lg-3 v-inner-md-3 v-inner-3 style-1341 style-local-2234-c13 position-relative\">\n              <!---->\n              <!---->\n              <div class=\"w-100 h-y-container h-column__content h-column__v-align flex-basis-100 align-self-lg-center align-self-md-center align-self-center\">\n                <!---->\n                <div data-colibri-id=\"2234-c14\" class=\"h-global-transition-all h-heading style-1342 style-local-2234-c14 position-relative h-element\">\n                  <!---->\n                  <div class=\"h-heading__outer style-1342 style-local-2234-c14\">\n                    <!---->\n                    <!---->\n                    <h3 class=\"\">Fabio Vilas Boas<\/h3>\n                  <\/div>\n                <\/div>\n                <div data-colibri-id=\"2234-c15\" class=\"h-text h-text-component style-1343 style-local-2234-c15 position-relative h-element\">\n                  <!---->\n                  <!---->\n                  <div class=\"\">\n                    <p>Participou no &#8220;The Voice&#8221;, \u00e9 de Esposende e vai estar no &#8220;La Bodega&#8221; especialmente para voc\u00eas. Venham ver e ouvir o talento de F\u00e1bio&nbsp;Vilas&nbsp;Boas.<\/p>\n                  <\/div>\n                <\/div>\n              <\/div>\n            <\/div>\n          <\/div>\n          <div class=\"h-column h-column-container d-flex h-col-lg-auto h-col-md-auto h-col-auto style-1344-outer style-local-2234-c16-outer\">\n            <div data-colibri-id=\"2234-c16\" class=\"d-flex h-flex-basis h-column__inner h-px-lg-2 h-px-md-2 h-px-0 v-inner-lg-0 v-inner-md-0 v-inner-3 style-1344 style-local-2234-c16 position-relative\">\n              <!---->\n              <!---->\n              <div class=\"w-100 h-y-container h-column__content h-column__v-align flex-basis-auto align-self-lg-center align-self-md-center align-self-center\">\n                <!---->\n                <div data-colibri-id=\"2234-c17\" class=\"h-x-container style-1345 style-local-2234-c17 position-relative h-element\">\n                  <!---->\n                  <div class=\"h-x-container-inner style-dynamic-2234-c17-group style-1345-spacing style-local-2234-c17-spacing\"><span class=\"h-button__outer style-1346-outer style-local-2234-c18-outer d-inline-flex h-element\"><a h-use-smooth-scroll=\"true\" href=\"https:\/\/labodega-esposende.com\/en\/eventos-em-esposende\/fabio-vilas-boas\/\"  data-colibri-id=\"2234-c18\" class=\"d-flex w-100 align-items-center h-button justify-content-lg-center justify-content-md-center justify-content-center style-1346 style-local-2234-c18 position-relative\"><!----><!----> <span>pr\u00f3ximas datas<\/span><\/a>\n                    <\/span>\n                  <\/div>\n                <\/div>\n              <\/div>\n            <\/div>\n          <\/div>\n        <\/div>\n      <\/div>\n    <\/div>\n  <\/div>\n<\/div>","protected":false},"excerpt":{"rendered":"<p>Disfrute de momentos conviviais La Bodega organiza regularmente eventos musicais com artistas que n\u00e3o deixar\u00e3o de o divertir! Noite Fado Todas as sextas-feiras, de quinze em quinze dias, \u00e0s 20h30, \u201cArte no Fado\u201d convida-o a descobrir ou redescobrir o Fado em \u201cLa Bodega\u201d de Esposende. Reserve j\u00e1 o seu lugar! Estamos ansiosos por partilhar um [&hellip;]<\/p>","protected":false},"author":1,"featured_media":2271,"parent":0,"menu_order":0,"comment_status":"closed","ping_status":"closed","template":"page-templates\/full-width-page.php","meta":{"om_disable_all_campaigns":false,"_joinchat":[],"footnotes":""},"class_list":["post-2234","page","type-page","status-publish","has-post-thumbnail","hentry"],"yoast_head":"<!-- This site is optimized with the Yoast SEO plugin v25.0 - https:\/\/yoast.com\/wordpress\/plugins\/seo\/ -->\n<title>Eventos em Esposende | M\u00fasica ao Vivo no Bar La Bodega<\/title>\n<meta name=\"description\" content=\"Descubra os proximos eventos em Esposende organizados na Bodega e disfrute de um momento de conv\u00edvio com musica e muito mais !\" \/>\n<meta name=\"robots\" content=\"index, follow, max-snippet:-1, max-image-preview:large, max-video-preview:-1\" \/>\n<link rel=\"canonical\" href=\"https:\/\/labodega-esposende.com\/en\/eventos-em-esposende\/\" \/>\n<meta property=\"og:locale\" content=\"en_GB\" \/>\n<meta property=\"og:type\" content=\"article\" \/>\n<meta property=\"og:title\" content=\"Eventos em Esposende | M\u00fasica ao Vivo no Bar La Bodega\" \/>\n<meta property=\"og:description\" content=\"Descubra os proximos eventos em Esposende organizados na Bodega e disfrute de um momento de conv\u00edvio com musica e muito mais !\" \/>\n<meta property=\"og:url\" content=\"https:\/\/labodega-esposende.com\/en\/eventos-em-esposende\/\" \/>\n<meta property=\"og:site_name\" content=\"La Bodega\" \/>\n<meta property=\"article:modified_time\" content=\"2025-04-01T09:51:01+00:00\" \/>\n<meta property=\"og:image\" content=\"http:\/\/labodega-esposende.com\/wp-content\/uploads\/2024\/06\/FADO-2-scaled.jpg\" \/>\n\t<meta property=\"og:image:width\" content=\"2560\" \/>\n\t<meta property=\"og:image:height\" content=\"1810\" \/>\n\t<meta property=\"og:image:type\" content=\"image\/jpeg\" \/>\n<meta name=\"twitter:card\" content=\"summary_large_image\" \/>\n<meta name=\"twitter:label1\" content=\"Estimated reading time\" \/>\n\t<meta name=\"twitter:data1\" content=\"1 minute\" \/>\n<script type=\"application\/ld+json\" class=\"yoast-schema-graph\">{\"@context\":\"https:\/\/schema.org\",\"@graph\":[{\"@type\":\"WebPage\",\"@id\":\"https:\/\/labodega-esposende.com\/eventos-em-esposende\/\",\"url\":\"https:\/\/labodega-esposende.com\/eventos-em-esposende\/\",\"name\":\"Eventos em Esposende | M\u00fasica ao Vivo no Bar La Bodega\",\"isPartOf\":{\"@id\":\"https:\/\/labodega-esposende.com\/en\/#website\"},\"primaryImageOfPage\":{\"@id\":\"https:\/\/labodega-esposende.com\/eventos-em-esposende\/#primaryimage\"},\"image\":{\"@id\":\"https:\/\/labodega-esposende.com\/eventos-em-esposende\/#primaryimage\"},\"thumbnailUrl\":\"https:\/\/labodega-esposende.com\/wp-content\/uploads\/2024\/06\/FADO-2-scaled.jpg\",\"datePublished\":\"2024-06-24T07:22:51+00:00\",\"dateModified\":\"2025-04-01T09:51:01+00:00\",\"description\":\"Descubra os proximos eventos em Esposende organizados na Bodega e disfrute de um momento de conv\u00edvio com musica e muito mais !\",\"breadcrumb\":{\"@id\":\"https:\/\/labodega-esposende.com\/eventos-em-esposende\/#breadcrumb\"},\"inLanguage\":\"en-GB\",\"potentialAction\":[{\"@type\":\"ReadAction\",\"target\":[\"https:\/\/labodega-esposende.com\/eventos-em-esposende\/\"]}]},{\"@type\":\"ImageObject\",\"inLanguage\":\"en-GB\",\"@id\":\"https:\/\/labodega-esposende.com\/eventos-em-esposende\/#primaryimage\",\"url\":\"https:\/\/labodega-esposende.com\/wp-content\/uploads\/2024\/06\/FADO-2-scaled.jpg\",\"contentUrl\":\"https:\/\/labodega-esposende.com\/wp-content\/uploads\/2024\/06\/FADO-2-scaled.jpg\",\"width\":2560,\"height\":1810,\"caption\":\"Eventos em Esposende | M\u00fasica ao Vivo no Bar La Bodega\"},{\"@type\":\"BreadcrumbList\",\"@id\":\"https:\/\/labodega-esposende.com\/eventos-em-esposende\/#breadcrumb\",\"itemListElement\":[{\"@type\":\"ListItem\",\"position\":1,\"name\":\"In\u00edcio\",\"item\":\"https:\/\/labodega-esposende.com\/\"},{\"@type\":\"ListItem\",\"position\":2,\"name\":\"Eventos\"}]},{\"@type\":\"WebSite\",\"@id\":\"https:\/\/labodega-esposende.com\/en\/#website\",\"url\":\"https:\/\/labodega-esposende.com\/en\/\",\"name\":\"La Bodega\",\"description\":\"Bar de Vinhos e Tapas\",\"publisher\":{\"@id\":\"https:\/\/labodega-esposende.com\/en\/#organization\"},\"potentialAction\":[{\"@type\":\"SearchAction\",\"target\":{\"@type\":\"EntryPoint\",\"urlTemplate\":\"https:\/\/labodega-esposende.com\/en\/?s={search_term_string}\"},\"query-input\":{\"@type\":\"PropertyValueSpecification\",\"valueRequired\":true,\"valueName\":\"search_term_string\"}}],\"inLanguage\":\"en-GB\"},{\"@type\":\"Organization\",\"@id\":\"https:\/\/labodega-esposende.com\/en\/#organization\",\"name\":\"La Bodega\",\"url\":\"https:\/\/labodega-esposende.com\/en\/\",\"logo\":{\"@type\":\"ImageObject\",\"inLanguage\":\"en-GB\",\"@id\":\"https:\/\/labodega-esposende.com\/en\/#\/schema\/logo\/image\/\",\"url\":\"https:\/\/labodega-esposende.com\/wp-content\/uploads\/2024\/06\/Logo-Bodega_transp.png\",\"contentUrl\":\"https:\/\/labodega-esposende.com\/wp-content\/uploads\/2024\/06\/Logo-Bodega_transp.png\",\"width\":1000,\"height\":1000,\"caption\":\"La Bodega\"},\"image\":{\"@id\":\"https:\/\/labodega-esposende.com\/en\/#\/schema\/logo\/image\/\"},\"sameAs\":[\"https:\/\/www.instagram.com\/la_bodega_esposende\/\"]}]}<\/script>\n<!-- \/ Yoast SEO plugin. -->","yoast_head_json":{"title":"Eventos em Esposende | M\u00fasica ao Vivo no Bar La Bodega","description":"Descubra os proximos eventos em Esposende organizados na Bodega e disfrute de um momento de conv\u00edvio com musica e muito mais !","robots":{"index":"index","follow":"follow","max-snippet":"max-snippet:-1","max-image-preview":"max-image-preview:large","max-video-preview":"max-video-preview:-1"},"canonical":"https:\/\/labodega-esposende.com\/en\/eventos-em-esposende\/","og_locale":"en_GB","og_type":"article","og_title":"Eventos em Esposende | M\u00fasica ao Vivo no Bar La Bodega","og_description":"Descubra os proximos eventos em Esposende organizados na Bodega e disfrute de um momento de conv\u00edvio com musica e muito mais !","og_url":"https:\/\/labodega-esposende.com\/en\/eventos-em-esposende\/","og_site_name":"La Bodega","article_modified_time":"2025-04-01T09:51:01+00:00","og_image":[{"width":2560,"height":1810,"url":"http:\/\/labodega-esposende.com\/wp-content\/uploads\/2024\/06\/FADO-2-scaled.jpg","type":"image\/jpeg"}],"twitter_card":"summary_large_image","twitter_misc":{"Estimated reading time":"1 minute"},"schema":{"@context":"https:\/\/schema.org","@graph":[{"@type":"WebPage","@id":"https:\/\/labodega-esposende.com\/eventos-em-esposende\/","url":"https:\/\/labodega-esposende.com\/eventos-em-esposende\/","name":"Eventos em Esposende | M\u00fasica ao Vivo no Bar La Bodega","isPartOf":{"@id":"https:\/\/labodega-esposende.com\/en\/#website"},"primaryImageOfPage":{"@id":"https:\/\/labodega-esposende.com\/eventos-em-esposende\/#primaryimage"},"image":{"@id":"https:\/\/labodega-esposende.com\/eventos-em-esposende\/#primaryimage"},"thumbnailUrl":"https:\/\/labodega-esposende.com\/wp-content\/uploads\/2024\/06\/FADO-2-scaled.jpg","datePublished":"2024-06-24T07:22:51+00:00","dateModified":"2025-04-01T09:51:01+00:00","description":"Descubra os proximos eventos em Esposende organizados na Bodega e disfrute de um momento de conv\u00edvio com musica e muito mais !","breadcrumb":{"@id":"https:\/\/labodega-esposende.com\/eventos-em-esposende\/#breadcrumb"},"inLanguage":"en-GB","potentialAction":[{"@type":"ReadAction","target":["https:\/\/labodega-esposende.com\/eventos-em-esposende\/"]}]},{"@type":"ImageObject","inLanguage":"en-GB","@id":"https:\/\/labodega-esposende.com\/eventos-em-esposende\/#primaryimage","url":"https:\/\/labodega-esposende.com\/wp-content\/uploads\/2024\/06\/FADO-2-scaled.jpg","contentUrl":"https:\/\/labodega-esposende.com\/wp-content\/uploads\/2024\/06\/FADO-2-scaled.jpg","width":2560,"height":1810,"caption":"Eventos em Esposende | M\u00fasica ao Vivo no Bar La Bodega"},{"@type":"BreadcrumbList","@id":"https:\/\/labodega-esposende.com\/eventos-em-esposende\/#breadcrumb","itemListElement":[{"@type":"ListItem","position":1,"name":"In\u00edcio","item":"https:\/\/labodega-esposende.com\/"},{"@type":"ListItem","position":2,"name":"Eventos"}]},{"@type":"WebSite","@id":"https:\/\/labodega-esposende.com\/en\/#website","url":"https:\/\/labodega-esposende.com\/en\/","name":"La Bodega","description":"Wine and Tapas Bar","publisher":{"@id":"https:\/\/labodega-esposende.com\/en\/#organization"},"potentialAction":[{"@type":"SearchAction","target":{"@type":"EntryPoint","urlTemplate":"https:\/\/labodega-esposende.com\/en\/?s={search_term_string}"},"query-input":{"@type":"PropertyValueSpecification","valueRequired":true,"valueName":"search_term_string"}}],"inLanguage":"en-GB"},{"@type":"Organization","@id":"https:\/\/labodega-esposende.com\/en\/#organization","name":"La Bodega","url":"https:\/\/labodega-esposende.com\/en\/","logo":{"@type":"ImageObject","inLanguage":"en-GB","@id":"https:\/\/labodega-esposende.com\/en\/#\/schema\/logo\/image\/","url":"https:\/\/labodega-esposende.com\/wp-content\/uploads\/2024\/06\/Logo-Bodega_transp.png","contentUrl":"https:\/\/labodega-esposende.com\/wp-content\/uploads\/2024\/06\/Logo-Bodega_transp.png","width":1000,"height":1000,"caption":"La Bodega"},"image":{"@id":"https:\/\/labodega-esposende.com\/en\/#\/schema\/logo\/image\/"},"sameAs":["https:\/\/www.instagram.com\/la_bodega_esposende\/"]}]}},"_links":{"self":[{"href":"https:\/\/labodega-esposende.com\/en\/wp-json\/wp\/v2\/pages\/2234","targetHints":{"allow":["GET"]}}],"collection":[{"href":"https:\/\/labodega-esposende.com\/en\/wp-json\/wp\/v2\/pages"}],"about":[{"href":"https:\/\/labodega-esposende.com\/en\/wp-json\/wp\/v2\/types\/page"}],"author":[{"embeddable":true,"href":"https:\/\/labodega-esposende.com\/en\/wp-json\/wp\/v2\/users\/1"}],"replies":[{"embeddable":true,"href":"https:\/\/labodega-esposende.com\/en\/wp-json\/wp\/v2\/comments?post=2234"}],"version-history":[{"count":9,"href":"https:\/\/labodega-esposende.com\/en\/wp-json\/wp\/v2\/pages\/2234\/revisions"}],"predecessor-version":[{"id":2514,"href":"https:\/\/labodega-esposende.com\/en\/wp-json\/wp\/v2\/pages\/2234\/revisions\/2514"}],"wp:featuredmedia":[{"embeddable":true,"href":"https:\/\/labodega-esposende.com\/en\/wp-json\/wp\/v2\/media\/2271"}],"wp:attachment":[{"href":"https:\/\/labodega-esposende.com\/en\/wp-json\/wp\/v2\/media?parent=2234"}],"curies":[{"name":"wp","href":"https:\/\/api.w.org\/{rel}","templated":true}]}}