{"id":932,"date":"2019-01-28T16:53:30","date_gmt":"2019-01-28T16:53:30","guid":{"rendered":"http:\/\/adi.extendstudio.net\/site-28jan19-1852\/index.php\/colibriwp\/"},"modified":"2025-05-07T15:30:07","modified_gmt":"2025-05-07T15:30:07","slug":"la-bodega","status":"publish","type":"page","link":"https:\/\/labodega-esposende.com\/en\/","title":{"rendered":"La Bodega"},"content":{"rendered":"<div data-colibri-id=\"932-c1\" class=\"style-311 style-local-932-c1 position-relative\">\n  <!---->\n  <div data-colibri-component=\"section\" data-colibri-id=\"932-c2\" id=\"Menu\" class=\"h-section h-section-global-spacing d-flex align-items-lg-center align-items-md-center align-items-center style-868 style-local-932-c2 position-relative\">\n    <!---->\n    <!---->\n    <div class=\"h-section-grid-container h-section-boxed-container\">\n      <!---->\n      <div data-colibri-id=\"932-c3\" class=\"h-row-container gutters-row-lg-2 gutters-row-md-2 gutters-row-0 gutters-row-v-lg-2 gutters-row-v-md-2 gutters-row-v-2 style-869 style-local-932-c3 position-relative\">\n        <!---->\n        <div class=\"h-row justify-content-lg-center justify-content-md-center justify-content-center align-items-lg-stretch align-items-md-stretch align-items-stretch gutters-col-lg-2 gutters-col-md-2 gutters-col-0 gutters-col-v-lg-2 gutters-col-v-md-2 gutters-col-v-2\">\n          <!---->\n          <div class=\"h-column h-column-container d-flex h-col-lg-3 h-col-md-3 h-col-12 style-870-outer style-local-932-c4-outer\">\n            <div data-colibri-id=\"932-c4\" class=\"d-flex h-flex-basis h-column__inner h-px-lg-2 h-px-md-2 h-px-2 v-inner-lg-2 v-inner-md-2 v-inner-2 style-870 style-local-932-c4 position-relative\">\n              <!---->\n              <!---->\n              <div class=\"w-100 h-y-container h-column__content h-column__v-align flex-basis-100 align-self-lg-center align-self-md-center align-self-center\">\n                <!---->\n                <div data-colibri-id=\"932-c5\" class=\"h-x-container style-871 style-local-932-c5 position-relative h-element\">\n                  <!---->\n                  <div class=\"h-x-container-inner style-dynamic-932-c5-group style-871-spacing style-local-932-c5-spacing\"><span class=\"h-button__outer style-872-outer style-local-932-c6-outer d-inline-flex h-element\"><a h-use-smooth-scroll=\"true\" href=\"https:\/\/labodega-esposende.com\/en\/restaurante-tapas-em-esposende\/\"  data-colibri-id=\"932-c6\" class=\"d-flex w-100 align-items-center h-button justify-content-lg-center justify-content-md-center justify-content-center style-872 style-local-932-c6 position-relative\"><!----><!----> <span>tapas<\/span><\/a>\n                    <\/span>\n                  <\/div>\n                <\/div>\n              <\/div>\n            <\/div>\n          <\/div>\n          <div class=\"h-column h-column-container d-flex h-col-lg-3 h-col-md-3 h-col-12 style-873-outer style-local-932-c7-outer\">\n            <div data-colibri-id=\"932-c7\" class=\"d-flex h-flex-basis h-column__inner h-px-lg-2 h-px-md-2 h-px-2 v-inner-lg-2 v-inner-md-2 v-inner-2 style-873 style-local-932-c7 position-relative\">\n              <!---->\n              <!---->\n              <div class=\"w-100 h-y-container h-column__content h-column__v-align flex-basis-100 align-self-lg-center align-self-md-center align-self-center\">\n                <!---->\n                <div data-colibri-id=\"932-c8\" class=\"h-x-container style-871 style-local-932-c8 position-relative h-element\">\n                  <!---->\n                  <div class=\"h-x-container-inner style-dynamic-932-c8-group style-871-spacing style-local-932-c8-spacing\"><span class=\"h-button__outer style-872-outer style-local-932-c9-outer d-inline-flex h-element\"><a h-use-smooth-scroll=\"true\" href=\"https:\/\/labodega-esposende.com\/en\/bar-cervejas-em-esposende\/\"  data-colibri-id=\"932-c9\" class=\"d-flex w-100 align-items-center h-button justify-content-lg-center justify-content-md-center justify-content-center style-872 style-local-932-c9 position-relative\"><!----><!----> <span>BEER<\/span><\/a>\n                    <\/span>\n                  <\/div>\n                <\/div>\n              <\/div>\n            <\/div>\n          <\/div>\n          <div class=\"h-column h-column-container d-flex h-col-lg-3 h-col-md-3 h-col-12 style-874-outer style-local-932-c10-outer\">\n            <div data-colibri-id=\"932-c10\" class=\"d-flex h-flex-basis h-column__inner h-px-lg-2 h-px-md-2 h-px-2 v-inner-lg-2 v-inner-md-2 v-inner-2 style-874 style-local-932-c10 position-relative\">\n              <!---->\n              <!---->\n              <div class=\"w-100 h-y-container h-column__content h-column__v-align flex-basis-100 align-self-lg-center align-self-md-center align-self-center\">\n                <!---->\n                <div data-colibri-id=\"932-c11\" class=\"h-x-container style-871 style-local-932-c11 position-relative h-element\">\n                  <!---->\n                  <div class=\"h-x-container-inner style-dynamic-932-c11-group style-871-spacing style-local-932-c11-spacing\"><span class=\"h-button__outer style-872-outer style-local-932-c12-outer d-inline-flex h-element\"><a h-use-smooth-scroll=\"true\" href=\"https:\/\/labodega-esposende.com\/en\/bar-de-vinhos-em-esposende\/\"  data-colibri-id=\"932-c12\" class=\"d-flex w-100 align-items-center h-button justify-content-lg-center justify-content-md-center justify-content-center style-872 style-local-932-c12 position-relative\"><!----><!----> <span>WINES<\/span><\/a>\n                    <\/span>\n                  <\/div>\n                <\/div>\n              <\/div>\n            <\/div>\n          <\/div>\n          <div class=\"h-column h-column-container d-flex h-col-lg-3 h-col-md-3 h-col-12 style-875-outer style-local-932-c13-outer\">\n            <div data-colibri-id=\"932-c13\" class=\"d-flex h-flex-basis h-column__inner h-px-lg-2 h-px-md-2 h-px-2 v-inner-lg-2 v-inner-md-2 v-inner-2 style-875 style-local-932-c13 position-relative\">\n              <!---->\n              <!---->\n              <div class=\"w-100 h-y-container h-column__content h-column__v-align flex-basis-100 align-self-lg-center align-self-md-center align-self-center\">\n                <!---->\n                <div data-colibri-id=\"932-c14\" class=\"h-x-container style-871 style-local-932-c14 position-relative h-element\">\n                  <!---->\n                  <div class=\"h-x-container-inner style-dynamic-932-c14-group style-871-spacing style-local-932-c14-spacing\"><span class=\"h-button__outer style-876-outer style-local-932-c15-outer d-inline-flex h-element\"><a h-use-smooth-scroll=\"true\" href=\"https:\/\/labodega-esposende.com\/en\/bar-convivio\/\"  data-colibri-id=\"932-c15\" class=\"d-flex w-100 align-items-center h-button justify-content-lg-center justify-content-md-center justify-content-center style-876 style-local-932-c15 position-relative\"><!----><!----> <span>WATER &amp; SOFTS<\/span><\/a>\n                    <\/span>\n                  <\/div>\n                <\/div>\n              <\/div>\n            <\/div>\n          <\/div>\n        <\/div>\n      <\/div>\n      <div data-colibri-id=\"932-c16\" class=\"h-row-container gutters-row-lg-2 gutters-row-md-2 gutters-row-0 gutters-row-v-lg-2 gutters-row-v-md-2 gutters-row-v-2 style-869 style-local-932-c16 position-relative\">\n        <!---->\n        <div class=\"h-row justify-content-lg-center justify-content-md-center justify-content-center align-items-lg-stretch align-items-md-stretch align-items-stretch gutters-col-lg-2 gutters-col-md-2 gutters-col-0 gutters-col-v-lg-2 gutters-col-v-md-2 gutters-col-v-2\">\n          <!---->\n          <div class=\"h-column h-column-container d-flex h-col-lg-3 h-col-md-3 h-col-12 style-877-outer style-local-932-c17-outer\">\n            <div data-colibri-id=\"932-c17\" class=\"d-flex h-flex-basis h-column__inner h-px-lg-2 h-px-md-2 h-px-2 v-inner-lg-2 v-inner-md-2 v-inner-2 style-877 style-local-932-c17 position-relative\">\n              <!---->\n              <!---->\n              <div class=\"w-100 h-y-container h-column__content h-column__v-align flex-basis-100 align-self-lg-center align-self-md-center align-self-center\">\n                <!---->\n                <div data-colibri-id=\"932-c18\" class=\"h-x-container style-871 style-local-932-c18 position-relative h-element\">\n                  <!---->\n                  <div class=\"h-x-container-inner style-dynamic-932-c18-group style-871-spacing style-local-932-c18-spacing\"><span class=\"h-button__outer style-872-outer style-local-932-c19-outer d-inline-flex h-element\"><a h-use-smooth-scroll=\"true\" href=\"https:\/\/labodega-esposende.com\/en\/restaurante-cafe-em-esposende\/\"  data-colibri-id=\"932-c19\" class=\"d-flex w-100 align-items-center h-button justify-content-lg-center justify-content-md-center justify-content-center style-872 style-local-932-c19 position-relative\"><!----><!----> <span>Coffee<\/span><\/a>\n                    <\/span>\n                  <\/div>\n                <\/div>\n              <\/div>\n            <\/div>\n          <\/div>\n          <div class=\"h-column h-column-container d-flex h-col-lg-3 h-col-md-3 h-col-12 style-878-outer style-local-932-c20-outer\">\n            <div data-colibri-id=\"932-c20\" class=\"d-flex h-flex-basis h-column__inner h-px-lg-2 h-px-md-2 h-px-2 v-inner-lg-2 v-inner-md-2 v-inner-2 style-878 style-local-932-c20 position-relative\">\n              <!---->\n              <!---->\n              <div class=\"w-100 h-y-container h-column__content h-column__v-align flex-basis-100 align-self-lg-center align-self-md-center align-self-center\">\n                <!---->\n                <div data-colibri-id=\"932-c21\" class=\"h-x-container style-871 style-local-932-c21 position-relative h-element\">\n                  <!---->\n                  <div class=\"h-x-container-inner style-dynamic-932-c21-group style-871-spacing style-local-932-c21-spacing\"><span class=\"h-button__outer style-872-outer style-local-932-c22-outer d-inline-flex h-element\"><a h-use-smooth-scroll=\"true\" href=\"https:\/\/labodega-esposende.com\/en\/bar-cocktails\/\"  data-colibri-id=\"932-c22\" class=\"d-flex w-100 align-items-center h-button justify-content-lg-center justify-content-md-center justify-content-center style-872 style-local-932-c22 position-relative\"><!----><!----> <span>cocktails<\/span><\/a>\n                    <\/span>\n                  <\/div>\n                <\/div>\n              <\/div>\n            <\/div>\n          <\/div>\n          <div class=\"h-column h-column-container d-flex h-col-lg-3 h-col-md-3 h-col-12 style-879-outer style-local-932-c23-outer\">\n            <div data-colibri-id=\"932-c23\" class=\"d-flex h-flex-basis h-column__inner h-px-lg-2 h-px-md-2 h-px-2 v-inner-lg-2 v-inner-md-2 v-inner-2 style-879 style-local-932-c23 position-relative\">\n              <!---->\n              <!---->\n              <div class=\"w-100 h-y-container h-column__content h-column__v-align flex-basis-100 align-self-lg-center align-self-md-center align-self-center\">\n                <!---->\n                <div data-colibri-id=\"932-c24\" class=\"h-x-container style-871 style-local-932-c24 position-relative h-element\">\n                  <!---->\n                  <div class=\"h-x-container-inner style-dynamic-932-c24-group style-871-spacing style-local-932-c24-spacing\"><span class=\"h-button__outer style-872-outer style-local-932-c25-outer d-inline-flex h-element\"><a h-use-smooth-scroll=\"true\" href=\"https:\/\/labodega-esposende.com\/en\/vinho-do-porto-em-esposende\/\"  data-colibri-id=\"932-c25\" class=\"d-flex w-100 align-items-center h-button justify-content-lg-center justify-content-md-center justify-content-center style-872 style-local-932-c25 position-relative\"><!----><!----> <span>porto<\/span><\/a>\n                    <\/span>\n                  <\/div>\n                <\/div>\n              <\/div>\n            <\/div>\n          <\/div>\n          <div class=\"h-column h-column-container d-flex h-col-lg-3 h-col-md-3 h-col-12 style-880-outer style-local-932-c26-outer\">\n            <div data-colibri-id=\"932-c26\" class=\"d-flex h-flex-basis h-column__inner h-px-lg-2 h-px-md-2 h-px-2 v-inner-lg-2 v-inner-md-2 v-inner-2 style-880 style-local-932-c26 position-relative\">\n              <!---->\n              <!---->\n              <div class=\"w-100 h-y-container h-column__content h-column__v-align flex-basis-100 align-self-lg-center align-self-md-center align-self-center\">\n                <!---->\n                <div data-colibri-id=\"932-c27\" class=\"h-x-container style-871 style-local-932-c27 position-relative h-element\">\n                  <!---->\n                  <div class=\"h-x-container-inner style-dynamic-932-c27-group style-871-spacing style-local-932-c27-spacing\"><span class=\"h-button__outer style-872-outer style-local-932-c28-outer d-inline-flex h-element\"><a h-use-smooth-scroll=\"true\" href=\"https:\/\/labodega-esposende.com\/en\/bar-licores\/\"  data-colibri-id=\"932-c28\" class=\"d-flex w-100 align-items-center h-button justify-content-lg-center justify-content-md-center justify-content-center style-872 style-local-932-c28 position-relative\"><!----><!----> <span>other spirits<\/span><\/a>\n                    <\/span>\n                  <\/div>\n                <\/div>\n              <\/div>\n            <\/div>\n          <\/div>\n        <\/div>\n      <\/div>\n    <\/div>\n  <\/div>\n<\/div>","protected":false},"excerpt":{"rendered":"<p>tapas cervejas vinhos aguas &amp; refrigerantes cafetaria cocktails porto outros \u00e1lcoois<\/p>","protected":false},"author":1,"featured_media":1268,"parent":0,"menu_order":0,"comment_status":"closed","ping_status":"closed","template":"page-templates\/full-width-page.php","meta":{"om_disable_all_campaigns":false,"_joinchat":[],"footnotes":""},"class_list":["post-932","page","type-page","status-publish","has-post-thumbnail","hentry"],"yoast_head":"<!-- This site is optimized with the Yoast SEO plugin v27.5 - https:\/\/yoast.com\/product\/yoast-seo-wordpress\/ -->\n<title>Bar Esposende | La Bodega - Vinhos &amp; Tapas | M\u00fasica &amp; Conv\u00edvio<\/title>\n<meta name=\"description\" content=\"La Bodega \u00e9 um bar Esposende com vinhos, tapas e boa m\u00fasica. Ideal para conviver com amigos num ambiente acolhedor e descontra\u00eddo.\" \/>\n<meta name=\"robots\" content=\"index, follow, max-snippet:-1, max-image-preview:large, max-video-preview:-1\" \/>\n<link rel=\"canonical\" href=\"https:\/\/labodega-esposende.com\/en\/\" \/>\n<meta property=\"og:locale\" content=\"en_GB\" \/>\n<meta property=\"og:type\" content=\"article\" \/>\n<meta property=\"og:title\" content=\"Bar Esposende | La Bodega - Vinhos &amp; Tapas | M\u00fasica &amp; Conv\u00edvio\" \/>\n<meta property=\"og:description\" content=\"La Bodega \u00e9 um bar Esposende com vinhos, tapas e boa m\u00fasica. Ideal para conviver com amigos num ambiente acolhedor e descontra\u00eddo.\" \/>\n<meta property=\"og:url\" content=\"https:\/\/labodega-esposende.com\/en\/\" \/>\n<meta property=\"og:site_name\" content=\"La Bodega\" \/>\n<meta property=\"article:modified_time\" content=\"2025-05-07T15:30:07+00:00\" \/>\n<meta property=\"og:image\" content=\"http:\/\/labodega-esposende.com\/wp-content\/uploads\/2024\/06\/4-scaled.jpg\" \/>\n\t<meta property=\"og:image:width\" content=\"2560\" \/>\n\t<meta property=\"og:image:height\" content=\"1440\" \/>\n\t<meta property=\"og:image:type\" content=\"image\/jpeg\" \/>\n<meta name=\"twitter:card\" content=\"summary_large_image\" \/>\n<meta name=\"twitter:label1\" content=\"Estimated reading time\" \/>\n\t<meta name=\"twitter:data1\" content=\"1 minute\" \/>\n<script type=\"application\/ld+json\" class=\"yoast-schema-graph\">{\"@context\":\"https:\\\/\\\/schema.org\",\"@graph\":[{\"@type\":\"WebPage\",\"@id\":\"https:\\\/\\\/labodega-esposende.com\\\/\",\"url\":\"https:\\\/\\\/labodega-esposende.com\\\/\",\"name\":\"Bar Esposende | La Bodega - Vinhos & Tapas | M\u00fasica & Conv\u00edvio\",\"isPartOf\":{\"@id\":\"https:\\\/\\\/labodega-esposende.com\\\/en\\\/#website\"},\"primaryImageOfPage\":{\"@id\":\"https:\\\/\\\/labodega-esposende.com\\\/#primaryimage\"},\"image\":{\"@id\":\"https:\\\/\\\/labodega-esposende.com\\\/#primaryimage\"},\"thumbnailUrl\":\"https:\\\/\\\/labodega-esposende.com\\\/wp-content\\\/uploads\\\/2024\\\/06\\\/4-scaled.jpg\",\"datePublished\":\"2019-01-28T16:53:30+00:00\",\"dateModified\":\"2025-05-07T15:30:07+00:00\",\"description\":\"La Bodega \u00e9 um bar Esposende com vinhos, tapas e boa m\u00fasica. Ideal para conviver com amigos num ambiente acolhedor e descontra\u00eddo.\",\"breadcrumb\":{\"@id\":\"https:\\\/\\\/labodega-esposende.com\\\/#breadcrumb\"},\"inLanguage\":\"en-GB\",\"potentialAction\":[{\"@type\":\"ReadAction\",\"target\":[\"https:\\\/\\\/labodega-esposende.com\\\/\"]}]},{\"@type\":\"ImageObject\",\"inLanguage\":\"en-GB\",\"@id\":\"https:\\\/\\\/labodega-esposende.com\\\/#primaryimage\",\"url\":\"https:\\\/\\\/labodega-esposende.com\\\/wp-content\\\/uploads\\\/2024\\\/06\\\/4-scaled.jpg\",\"contentUrl\":\"https:\\\/\\\/labodega-esposende.com\\\/wp-content\\\/uploads\\\/2024\\\/06\\\/4-scaled.jpg\",\"width\":2560,\"height\":1440,\"caption\":\"La Bodega - Bar Esposende com Vinhos & Tapas\"},{\"@type\":\"BreadcrumbList\",\"@id\":\"https:\\\/\\\/labodega-esposende.com\\\/#breadcrumb\",\"itemListElement\":[{\"@type\":\"ListItem\",\"position\":1,\"name\":\"In\u00edcio\",\"item\":\"https:\\\/\\\/labodega-esposende.com\\\/\"},{\"@type\":\"ListItem\",\"position\":2,\"name\":\"La Bodega\"}]},{\"@type\":\"WebSite\",\"@id\":\"https:\\\/\\\/labodega-esposende.com\\\/en\\\/#website\",\"url\":\"https:\\\/\\\/labodega-esposende.com\\\/en\\\/\",\"name\":\"La Bodega\",\"description\":\"Bar de Vinhos e Tapas\",\"publisher\":{\"@id\":\"https:\\\/\\\/labodega-esposende.com\\\/en\\\/#organization\"},\"potentialAction\":[{\"@type\":\"SearchAction\",\"target\":{\"@type\":\"EntryPoint\",\"urlTemplate\":\"https:\\\/\\\/labodega-esposende.com\\\/en\\\/?s={search_term_string}\"},\"query-input\":{\"@type\":\"PropertyValueSpecification\",\"valueRequired\":true,\"valueName\":\"search_term_string\"}}],\"inLanguage\":\"en-GB\"},{\"@type\":\"Organization\",\"@id\":\"https:\\\/\\\/labodega-esposende.com\\\/en\\\/#organization\",\"name\":\"La Bodega\",\"url\":\"https:\\\/\\\/labodega-esposende.com\\\/en\\\/\",\"logo\":{\"@type\":\"ImageObject\",\"inLanguage\":\"en-GB\",\"@id\":\"https:\\\/\\\/labodega-esposende.com\\\/en\\\/#\\\/schema\\\/logo\\\/image\\\/\",\"url\":\"https:\\\/\\\/labodega-esposende.com\\\/wp-content\\\/uploads\\\/2024\\\/06\\\/Logo-Bodega_transp.png\",\"contentUrl\":\"https:\\\/\\\/labodega-esposende.com\\\/wp-content\\\/uploads\\\/2024\\\/06\\\/Logo-Bodega_transp.png\",\"width\":1000,\"height\":1000,\"caption\":\"La Bodega\"},\"image\":{\"@id\":\"https:\\\/\\\/labodega-esposende.com\\\/en\\\/#\\\/schema\\\/logo\\\/image\\\/\"},\"sameAs\":[\"https:\\\/\\\/www.instagram.com\\\/la_bodega_esposende\\\/\"]}]}<\/script>\n<!-- \/ Yoast SEO plugin. -->","yoast_head_json":{"title":"Bar Esposende | La Bodega - Vinhos & Tapas | M\u00fasica & Conv\u00edvio","description":"La Bodega \u00e9 um bar Esposende com vinhos, tapas e boa m\u00fasica. Ideal para conviver com amigos num ambiente acolhedor e descontra\u00eddo.","robots":{"index":"index","follow":"follow","max-snippet":"max-snippet:-1","max-image-preview":"max-image-preview:large","max-video-preview":"max-video-preview:-1"},"canonical":"https:\/\/labodega-esposende.com\/en\/","og_locale":"en_GB","og_type":"article","og_title":"Bar Esposende | La Bodega - Vinhos & Tapas | M\u00fasica & Conv\u00edvio","og_description":"La Bodega \u00e9 um bar Esposende com vinhos, tapas e boa m\u00fasica. Ideal para conviver com amigos num ambiente acolhedor e descontra\u00eddo.","og_url":"https:\/\/labodega-esposende.com\/en\/","og_site_name":"La Bodega","article_modified_time":"2025-05-07T15:30:07+00:00","og_image":[{"width":2560,"height":1440,"url":"http:\/\/labodega-esposende.com\/wp-content\/uploads\/2024\/06\/4-scaled.jpg","type":"image\/jpeg"}],"twitter_card":"summary_large_image","twitter_misc":{"Estimated reading time":"1 minute"},"schema":{"@context":"https:\/\/schema.org","@graph":[{"@type":"WebPage","@id":"https:\/\/labodega-esposende.com\/","url":"https:\/\/labodega-esposende.com\/","name":"Bar Esposende | La Bodega - Vinhos & Tapas | M\u00fasica & Conv\u00edvio","isPartOf":{"@id":"https:\/\/labodega-esposende.com\/en\/#website"},"primaryImageOfPage":{"@id":"https:\/\/labodega-esposende.com\/#primaryimage"},"image":{"@id":"https:\/\/labodega-esposende.com\/#primaryimage"},"thumbnailUrl":"https:\/\/labodega-esposende.com\/wp-content\/uploads\/2024\/06\/4-scaled.jpg","datePublished":"2019-01-28T16:53:30+00:00","dateModified":"2025-05-07T15:30:07+00:00","description":"La Bodega \u00e9 um bar Esposende com vinhos, tapas e boa m\u00fasica. Ideal para conviver com amigos num ambiente acolhedor e descontra\u00eddo.","breadcrumb":{"@id":"https:\/\/labodega-esposende.com\/#breadcrumb"},"inLanguage":"en-GB","potentialAction":[{"@type":"ReadAction","target":["https:\/\/labodega-esposende.com\/"]}]},{"@type":"ImageObject","inLanguage":"en-GB","@id":"https:\/\/labodega-esposende.com\/#primaryimage","url":"https:\/\/labodega-esposende.com\/wp-content\/uploads\/2024\/06\/4-scaled.jpg","contentUrl":"https:\/\/labodega-esposende.com\/wp-content\/uploads\/2024\/06\/4-scaled.jpg","width":2560,"height":1440,"caption":"La Bodega - Bar Esposende com Vinhos & Tapas"},{"@type":"BreadcrumbList","@id":"https:\/\/labodega-esposende.com\/#breadcrumb","itemListElement":[{"@type":"ListItem","position":1,"name":"In\u00edcio","item":"https:\/\/labodega-esposende.com\/"},{"@type":"ListItem","position":2,"name":"La Bodega"}]},{"@type":"WebSite","@id":"https:\/\/labodega-esposende.com\/en\/#website","url":"https:\/\/labodega-esposende.com\/en\/","name":"La Bodega","description":"Wine and Tapas Bar","publisher":{"@id":"https:\/\/labodega-esposende.com\/en\/#organization"},"potentialAction":[{"@type":"SearchAction","target":{"@type":"EntryPoint","urlTemplate":"https:\/\/labodega-esposende.com\/en\/?s={search_term_string}"},"query-input":{"@type":"PropertyValueSpecification","valueRequired":true,"valueName":"search_term_string"}}],"inLanguage":"en-GB"},{"@type":"Organization","@id":"https:\/\/labodega-esposende.com\/en\/#organization","name":"La Bodega","url":"https:\/\/labodega-esposende.com\/en\/","logo":{"@type":"ImageObject","inLanguage":"en-GB","@id":"https:\/\/labodega-esposende.com\/en\/#\/schema\/logo\/image\/","url":"https:\/\/labodega-esposende.com\/wp-content\/uploads\/2024\/06\/Logo-Bodega_transp.png","contentUrl":"https:\/\/labodega-esposende.com\/wp-content\/uploads\/2024\/06\/Logo-Bodega_transp.png","width":1000,"height":1000,"caption":"La Bodega"},"image":{"@id":"https:\/\/labodega-esposende.com\/en\/#\/schema\/logo\/image\/"},"sameAs":["https:\/\/www.instagram.com\/la_bodega_esposende\/"]}]}},"_links":{"self":[{"href":"https:\/\/labodega-esposende.com\/en\/wp-json\/wp\/v2\/pages\/932","targetHints":{"allow":["GET"]}}],"collection":[{"href":"https:\/\/labodega-esposende.com\/en\/wp-json\/wp\/v2\/pages"}],"about":[{"href":"https:\/\/labodega-esposende.com\/en\/wp-json\/wp\/v2\/types\/page"}],"author":[{"embeddable":true,"href":"https:\/\/labodega-esposende.com\/en\/wp-json\/wp\/v2\/users\/1"}],"replies":[{"embeddable":true,"href":"https:\/\/labodega-esposende.com\/en\/wp-json\/wp\/v2\/comments?post=932"}],"version-history":[{"count":20,"href":"https:\/\/labodega-esposende.com\/en\/wp-json\/wp\/v2\/pages\/932\/revisions"}],"predecessor-version":[{"id":2538,"href":"https:\/\/labodega-esposende.com\/en\/wp-json\/wp\/v2\/pages\/932\/revisions\/2538"}],"wp:featuredmedia":[{"embeddable":true,"href":"https:\/\/labodega-esposende.com\/en\/wp-json\/wp\/v2\/media\/1268"}],"wp:attachment":[{"href":"https:\/\/labodega-esposende.com\/en\/wp-json\/wp\/v2\/media?parent=932"}],"curies":[{"name":"wp","href":"https:\/\/api.w.org\/{rel}","templated":true}]}}